{"id":1660,"date":"2024-11-06T09:31:58","date_gmt":"2024-11-06T09:31:58","guid":{"rendered":"http:\/\/infronts.se\/staging\/?page_id=1660"},"modified":"2025-01-03T06:20:18","modified_gmt":"2025-01-03T06:20:18","slug":"leverans","status":"publish","type":"page","link":"http:\/\/infronts.se\/staging\/sv\/leverans\/","title":{"rendered":"Leverans"},"content":{"rendered":"\t\t<div data-elementor-type=\"wp-page\" data-elementor-id=\"1660\" class=\"elementor elementor-1660\" data-elementor-post-type=\"page\">\n\t\t\t\t<div class=\"elementor-element elementor-element-167e332 e-con-full e-flex e-con e-parent\" data-id=\"167e332\" data-element_type=\"container\">\n\t\t<div class=\"elementor-element elementor-element-7127ff7 e-flex e-con-boxed e-con e-child\" data-id=\"7127ff7\" data-element_type=\"container\" data-settings=\"{&quot;background_background&quot;:&quot;classic&quot;}\">\n\t\t\t\t\t<div class=\"e-con-inner\">\n\t\t\t\t\t<\/div>\n\t\t\t\t<\/div>\n\t\t\t\t<\/div>\n\t\t<div class=\"elementor-element elementor-element-67c269b e-con-full e-flex e-con e-parent\" data-id=\"67c269b\" data-element_type=\"container\">\n\t\t<div class=\"elementor-element elementor-element-f5a8b39 e-flex e-con-boxed e-con e-child\" data-id=\"f5a8b39\" data-element_type=\"container\">\n\t\t\t\t\t<div class=\"e-con-inner\">\n\t\t\t\t<div class=\"elementor-element elementor-element-e63d18e elementor-widget elementor-widget-eael-adv-accordion\" data-id=\"e63d18e\" data-element_type=\"widget\" data-widget_type=\"eael-adv-accordion.default\">\n\t\t\t\t<div class=\"elementor-widget-container\">\n\t\t\t\t\t            <div class=\"eael-adv-accordion\" id=\"eael-adv-accordion-e63d18e\" data-scroll-on-click=\"no\" data-scroll-speed=\"300\" data-accordion-id=\"e63d18e\" data-accordion-type=\"accordion\" data-toogle-speed=\"300\">\n            <div class=\"eael-accordion-list\">\n\t\t\t\t\t<div id=\"leveranstid\" class=\"elementor-tab-title eael-accordion-header\" tabindex=\"0\" data-tab=\"1\" aria-controls=\"elementor-tab-content-2411\"><span class=\"eael-accordion-tab-title\">Leveranstid<\/span><svg aria-hidden=\"true\" class=\"fa-toggle e-font-icon-svg e-fas-angle-right\" viewBox=\"0 0 256 512\" xmlns=\"http:\/\/www.w3.org\/2000\/svg\"><path d=\"M224.3 273l-136 136c-9.4 9.4-24.6 9.4-33.9 0l-22.6-22.6c-9.4-9.4-9.4-24.6 0-33.9l96.4-96.4-96.4-96.4c-9.4-9.4-9.4-24.6 0-33.9L54.3 103c9.4-9.4 24.6-9.4 33.9 0l136 136c9.5 9.4 9.5 24.6.1 34z\"><\/path><\/svg><\/div><div id=\"elementor-tab-content-2411\" class=\"eael-accordion-content clearfix\" data-tab=\"1\" aria-labelledby=\"leveranstid\"><p>Lorem Ipsum \u00e4r helt enkelt en dummy text fr\u00e5n tryckeri- och s\u00e4ttningsindustrin. Lorem Ipsum har varit branschens vanliga dummytext<\/p><\/div>\n\t\t\t\t\t<\/div><div class=\"eael-accordion-list\">\n\t\t\t\t\t<div id=\"fraktpriser\" class=\"elementor-tab-title eael-accordion-header\" tabindex=\"0\" data-tab=\"2\" aria-controls=\"elementor-tab-content-2412\"><span class=\"eael-accordion-tab-title\">Fraktpriser<\/span><svg aria-hidden=\"true\" class=\"fa-toggle e-font-icon-svg e-fas-angle-right\" viewBox=\"0 0 256 512\" xmlns=\"http:\/\/www.w3.org\/2000\/svg\"><path d=\"M224.3 273l-136 136c-9.4 9.4-24.6 9.4-33.9 0l-22.6-22.6c-9.4-9.4-9.4-24.6 0-33.9l96.4-96.4-96.4-96.4c-9.4-9.4-9.4-24.6 0-33.9L54.3 103c9.4-9.4 24.6-9.4 33.9 0l136 136c9.5 9.4 9.5 24.6.1 34z\"><\/path><\/svg><\/div><div id=\"elementor-tab-content-2412\" class=\"eael-accordion-content clearfix\" data-tab=\"2\" aria-labelledby=\"fraktpriser\"><p>Lorem Ipsum \u00e4r helt enkelt en dummy text fr\u00e5n tryckeri- och s\u00e4ttningsindustrin. Lorem Ipsum har varit branschens vanliga dummytext<\/p><\/div>\n\t\t\t\t\t<\/div><div class=\"eael-accordion-list\">\n\t\t\t\t\t<div id=\"fraktmetod\" class=\"elementor-tab-title eael-accordion-header\" tabindex=\"0\" data-tab=\"3\" aria-controls=\"elementor-tab-content-2413\"><span class=\"eael-accordion-tab-title\">Fraktmetod<\/span><svg aria-hidden=\"true\" class=\"fa-toggle e-font-icon-svg e-fas-angle-right\" viewBox=\"0 0 256 512\" xmlns=\"http:\/\/www.w3.org\/2000\/svg\"><path d=\"M224.3 273l-136 136c-9.4 9.4-24.6 9.4-33.9 0l-22.6-22.6c-9.4-9.4-9.4-24.6 0-33.9l96.4-96.4-96.4-96.4c-9.4-9.4-9.4-24.6 0-33.9L54.3 103c9.4-9.4 24.6-9.4 33.9 0l136 136c9.5 9.4 9.5 24.6.1 34z\"><\/path><\/svg><\/div><div id=\"elementor-tab-content-2413\" class=\"eael-accordion-content clearfix\" data-tab=\"3\" aria-labelledby=\"fraktmetod\"><p><strong>Ombud<\/strong><\/p><p>Lorem Ipsum \u00e4r helt enkelt en dummy text fr\u00e5n tryckeri- och s\u00e4ttningsindustrin. Lorem Ipsum har varit branschens vanliga dummytext<\/p><p><strong>Hemleverans<\/strong><\/p><p>Lorem Ipsum \u00e4r helt enkelt en dummy text fr\u00e5n tryckeri- och s\u00e4ttningsindustrin. Lorem Ipsum har varit branschens vanliga dummytext<\/p><p><strong>Vid leverans: Kontrollera best\u00e4llningen<\/strong><\/p><p>Lorem Ipsum \u00e4r helt enkelt en dummy text fr\u00e5n tryckeri- och s\u00e4ttningsindustrin. Lorem Ipsum har varit branschens vanliga dummytext<\/p><p>Lorem Ipsum \u00e4r helt enkelt en dummy text fr\u00e5n tryckeri- och s\u00e4ttningsindustrin. Lorem Ipsum har varit branschens vanliga dummytext<\/p><\/div>\n\t\t\t\t\t<\/div><div class=\"eael-accordion-list\">\n\t\t\t\t\t<div id=\"fraktdestinationer\" class=\"elementor-tab-title eael-accordion-header\" tabindex=\"0\" data-tab=\"4\" aria-controls=\"elementor-tab-content-2414\"><span class=\"eael-accordion-tab-title\">Fraktdestinationer<\/span><svg aria-hidden=\"true\" class=\"fa-toggle e-font-icon-svg e-fas-angle-right\" viewBox=\"0 0 256 512\" xmlns=\"http:\/\/www.w3.org\/2000\/svg\"><path d=\"M224.3 273l-136 136c-9.4 9.4-24.6 9.4-33.9 0l-22.6-22.6c-9.4-9.4-9.4-24.6 0-33.9l96.4-96.4-96.4-96.4c-9.4-9.4-9.4-24.6 0-33.9L54.3 103c9.4-9.4 24.6-9.4 33.9 0l136 136c9.5 9.4 9.5 24.6.1 34z\"><\/path><\/svg><\/div><div id=\"elementor-tab-content-2414\" class=\"eael-accordion-content clearfix\" data-tab=\"4\" aria-labelledby=\"fraktdestinationer\"><p>Lorem Ipsum \u00e4r helt enkelt en dummy text fr\u00e5n tryckeri- och s\u00e4ttningsindustrin. Lorem Ipsum har varit branschens vanliga dummytext<\/p><p>Lorem Ipsum \u00e4r helt enkelt en dummy text fr\u00e5n tryckeri- och s\u00e4ttningsindustrin. Lorem Ipsum har varit branschens vanliga dummytext<\/p><\/div>\n\t\t\t\t\t<\/div><div class=\"eael-accordion-list\">\n\t\t\t\t\t<div id=\"fraktpartners\" class=\"elementor-tab-title eael-accordion-header\" tabindex=\"0\" data-tab=\"5\" aria-controls=\"elementor-tab-content-2415\"><span class=\"eael-accordion-tab-title\">Fraktpartners<\/span><svg aria-hidden=\"true\" class=\"fa-toggle e-font-icon-svg e-fas-angle-right\" viewBox=\"0 0 256 512\" xmlns=\"http:\/\/www.w3.org\/2000\/svg\"><path d=\"M224.3 273l-136 136c-9.4 9.4-24.6 9.4-33.9 0l-22.6-22.6c-9.4-9.4-9.4-24.6 0-33.9l96.4-96.4-96.4-96.4c-9.4-9.4-9.4-24.6 0-33.9L54.3 103c9.4-9.4 24.6-9.4 33.9 0l136 136c9.5 9.4 9.5 24.6.1 34z\"><\/path><\/svg><\/div><div id=\"elementor-tab-content-2415\" class=\"eael-accordion-content clearfix\" data-tab=\"5\" aria-labelledby=\"fraktpartners\"><p>Lorem Ipsum \u00e4r helt enkelt en dummy text fr\u00e5n tryckeri- och s\u00e4ttningsindustrin. Lorem Ipsum har varit branschens vanliga dummytext<\/p><\/div>\n\t\t\t\t\t<\/div><\/div>\t\t\t\t<\/div>\n\t\t\t\t<\/div>\n\t\t\t\t\t<\/div>\n\t\t\t\t<\/div>\n\t\t\t\t<\/div>\n\t\t\t\t<\/div>\n\t\t","protected":false},"excerpt":{"rendered":"<p>Leveranstid Lorem Ipsum \u00e4r helt enkelt en dummy text fr\u00e5n tryckeri- och s\u00e4ttningsindustrin. Lorem Ipsum har varit branschens vanliga dummytext Fraktpriser Lorem Ipsum \u00e4r helt enkelt en dummy text fr\u00e5n tryckeri- och s\u00e4ttningsindustrin. Lorem Ipsum har varit branschens vanliga dummytext Fraktmetod Ombud Lorem Ipsum \u00e4r helt enkelt en dummy text fr\u00e5n tryckeri- och s\u00e4ttningsindustrin. Lorem&#8230;<\/p>\n","protected":false},"author":1,"featured_media":0,"parent":0,"menu_order":0,"comment_status":"closed","ping_status":"closed","template":"","meta":{"_acf_changed":false,"_kad_post_transparent":"","_kad_post_title":"hide","_kad_post_layout":"fullwidth","_kad_post_sidebar_id":"","_kad_post_content_style":"unboxed","_kad_post_vertical_padding":"hide","_kad_post_feature":"hide","_kad_post_feature_position":"","_kad_post_header":false,"_kad_post_footer":false,"footnotes":""},"class_list":["post-1660","page","type-page","status-publish","hentry"],"acf":[],"_links":{"self":[{"href":"http:\/\/infronts.se\/staging\/wp-json\/wp\/v2\/pages\/1660","targetHints":{"allow":["GET"]}}],"collection":[{"href":"http:\/\/infronts.se\/staging\/wp-json\/wp\/v2\/pages"}],"about":[{"href":"http:\/\/infronts.se\/staging\/wp-json\/wp\/v2\/types\/page"}],"author":[{"embeddable":true,"href":"http:\/\/infronts.se\/staging\/wp-json\/wp\/v2\/users\/1"}],"replies":[{"embeddable":true,"href":"http:\/\/infronts.se\/staging\/wp-json\/wp\/v2\/comments?post=1660"}],"version-history":[{"count":95,"href":"http:\/\/infronts.se\/staging\/wp-json\/wp\/v2\/pages\/1660\/revisions"}],"predecessor-version":[{"id":6701,"href":"http:\/\/infronts.se\/staging\/wp-json\/wp\/v2\/pages\/1660\/revisions\/6701"}],"wp:attachment":[{"href":"http:\/\/infronts.se\/staging\/wp-json\/wp\/v2\/media?parent=1660"}],"curies":[{"name":"wp","href":"https:\/\/api.w.org\/{rel}","templated":true}]}}