{"id":1747,"date":"2024-11-06T11:07:04","date_gmt":"2024-11-06T11:07:04","guid":{"rendered":"http:\/\/infronts.se\/staging\/?page_id=1747"},"modified":"2025-01-02T13:45:06","modified_gmt":"2025-01-02T13:45:06","slug":"kopvillkor","status":"publish","type":"page","link":"http:\/\/infronts.se\/staging\/sv\/kopvillkor\/","title":{"rendered":"K\u00f6pvillkor"},"content":{"rendered":"\t\t<div data-elementor-type=\"wp-page\" data-elementor-id=\"1747\" class=\"elementor elementor-1747\" data-elementor-post-type=\"page\">\n\t\t\t\t<div class=\"elementor-element elementor-element-f6c2410 e-con-full e-flex e-con e-parent\" data-id=\"f6c2410\" data-element_type=\"container\">\n\t\t<div class=\"elementor-element elementor-element-29e470b e-flex e-con-boxed e-con e-child\" data-id=\"29e470b\" data-element_type=\"container\" data-settings=\"{&quot;background_background&quot;:&quot;classic&quot;}\">\n\t\t\t\t\t<div class=\"e-con-inner\">\n\t\t\t\t\t<\/div>\n\t\t\t\t<\/div>\n\t\t\t\t<\/div>\n\t\t<div class=\"elementor-element elementor-element-ee9c6c5 e-con-full e-flex e-con e-parent\" data-id=\"ee9c6c5\" data-element_type=\"container\">\n\t\t<div class=\"elementor-element elementor-element-9bf381e e-flex e-con-boxed e-con e-child\" data-id=\"9bf381e\" data-element_type=\"container\">\n\t\t\t\t\t<div class=\"e-con-inner\">\n\t\t\t\t<div class=\"elementor-element elementor-element-1e7068d elementor-widget elementor-widget-heading\" data-id=\"1e7068d\" data-element_type=\"widget\" data-widget_type=\"heading.default\">\n\t\t\t\t<div class=\"elementor-widget-container\">\n\t\t\t\t\t<h2 class=\"elementor-heading-title elementor-size-default\">K\u00f6pvillkor, vanliga fr\u00e5gor<\/h2>\t\t\t\t<\/div>\n\t\t\t\t<\/div>\n\t\t\t\t\t<\/div>\n\t\t\t\t<\/div>\n\t\t<div class=\"elementor-element elementor-element-cc915ba e-flex e-con-boxed e-con e-child\" data-id=\"cc915ba\" data-element_type=\"container\">\n\t\t\t\t\t<div class=\"e-con-inner\">\n\t\t\t\t<div class=\"elementor-element elementor-element-808a618 elementor-widget elementor-widget-eael-adv-accordion\" data-id=\"808a618\" data-element_type=\"widget\" data-widget_type=\"eael-adv-accordion.default\">\n\t\t\t\t<div class=\"elementor-widget-container\">\n\t\t\t\t\t            <div class=\"eael-adv-accordion\" id=\"eael-adv-accordion-808a618\" data-scroll-on-click=\"no\" data-scroll-speed=\"300\" data-accordion-id=\"808a618\" data-accordion-type=\"accordion\" data-toogle-speed=\"300\">\n            <div class=\"eael-accordion-list\">\n\t\t\t\t\t<div id=\"nr-skickas-min-order\" class=\"elementor-tab-title eael-accordion-header\" tabindex=\"0\" data-tab=\"1\" aria-controls=\"elementor-tab-content-1341\"><span class=\"eael-accordion-tab-title\">N\u00e4r skickas min order?<\/span><svg aria-hidden=\"true\" class=\"fa-toggle e-font-icon-svg e-fas-angle-right\" viewBox=\"0 0 256 512\" xmlns=\"http:\/\/www.w3.org\/2000\/svg\"><path d=\"M224.3 273l-136 136c-9.4 9.4-24.6 9.4-33.9 0l-22.6-22.6c-9.4-9.4-9.4-24.6 0-33.9l96.4-96.4-96.4-96.4c-9.4-9.4-9.4-24.6 0-33.9L54.3 103c9.4-9.4 24.6-9.4 33.9 0l136 136c9.5 9.4 9.5 24.6.1 34z\"><\/path><\/svg><\/div><div id=\"elementor-tab-content-1341\" class=\"eael-accordion-content clearfix\" data-tab=\"1\" aria-labelledby=\"nr-skickas-min-order\"><p style=\"margin-bottom:0;\"><a href=\"http:\/\/infronts.se\/staging\/leverans\/\" target=\"_blank\" style=\"color:#D36014;text-decoration:underline;\">Se v\u00e5ra aktuella leveranstider h\u00e4r<\/a>.<\/p><\/div>\n\t\t\t\t\t<\/div><div class=\"eael-accordion-list\">\n\t\t\t\t\t<div id=\"r-min-order-skickad\" class=\"elementor-tab-title eael-accordion-header\" tabindex=\"0\" data-tab=\"2\" aria-controls=\"elementor-tab-content-1342\"><span class=\"eael-accordion-tab-title\">\u00c4r min order skickad?<\/span><svg aria-hidden=\"true\" class=\"fa-toggle e-font-icon-svg e-fas-angle-right\" viewBox=\"0 0 256 512\" xmlns=\"http:\/\/www.w3.org\/2000\/svg\"><path d=\"M224.3 273l-136 136c-9.4 9.4-24.6 9.4-33.9 0l-22.6-22.6c-9.4-9.4-9.4-24.6 0-33.9l96.4-96.4-96.4-96.4c-9.4-9.4-9.4-24.6 0-33.9L54.3 103c9.4-9.4 24.6-9.4 33.9 0l136 136c9.5 9.4 9.5 24.6.1 34z\"><\/path><\/svg><\/div><div id=\"elementor-tab-content-1342\" class=\"eael-accordion-content clearfix\" data-tab=\"2\" aria-labelledby=\"r-min-order-skickad\"><p>Det finns m\u00e5nga varianter av passager av Lorem Ipsum tillg\u00e4ngliga, men majoriteten har drabbats av f\u00f6r\u00e4ndringar i n\u00e5gon form, av injicerad humor eller randomiserade ord som inte ens ser lite trov\u00e4rdiga ut. Om du ska anv\u00e4nda ett avsnitt av Lorem Ipsum m\u00e5ste du vara s\u00e4ker p\u00e5 att det inte finns n\u00e5got pinsamt g\u00f6mt i mitten av texten.<\/p><\/div>\n\t\t\t\t\t<\/div><div class=\"eael-accordion-list\">\n\t\t\t\t\t<div id=\"kan-jag-ndra-eller-ta-bort-min-order\" class=\"elementor-tab-title eael-accordion-header\" tabindex=\"0\" data-tab=\"3\" aria-controls=\"elementor-tab-content-1343\"><span class=\"eael-accordion-tab-title\">Kan jag \u00e4ndra eller ta bort min order?<\/span><svg aria-hidden=\"true\" class=\"fa-toggle e-font-icon-svg e-fas-angle-right\" viewBox=\"0 0 256 512\" xmlns=\"http:\/\/www.w3.org\/2000\/svg\"><path d=\"M224.3 273l-136 136c-9.4 9.4-24.6 9.4-33.9 0l-22.6-22.6c-9.4-9.4-9.4-24.6 0-33.9l96.4-96.4-96.4-96.4c-9.4-9.4-9.4-24.6 0-33.9L54.3 103c9.4-9.4 24.6-9.4 33.9 0l136 136c9.5 9.4 9.5 24.6.1 34z\"><\/path><\/svg><\/div><div id=\"elementor-tab-content-1343\" class=\"eael-accordion-content clearfix\" data-tab=\"3\" aria-labelledby=\"kan-jag-ndra-eller-ta-bort-min-order\"><p>Det finns m\u00e5nga varianter av passager av Lorem Ipsum tillg\u00e4ngliga, men majoriteten har drabbats av f\u00f6r\u00e4ndringar i n\u00e5gon form, av injicerad humor eller randomiserade ord som inte ens ser lite trov\u00e4rdiga ut. Om du ska anv\u00e4nda ett avsnitt av Lorem Ipsum m\u00e5ste du vara s\u00e4ker p\u00e5 att det inte finns n\u00e5got pinsamt g\u00f6mt i mitten av texten.<\/p>\n\n<p>Lorem Ipsum-generatorer p\u00e5 Internet tenderar att upprepa f\u00f6rdefinierade bitar vid behov, vilket g\u00f6r detta till den f\u00f6rsta riktiga generatorn p\u00e5 Internet. Den anv\u00e4nder en ordbok med \u00f6ver 200 latinska ord, kombinerat med en handfull modellsatsstrukturer, f\u00f6r att skapa Lorem Ipsum som ser rimligt ut. Den genererade Lorem Ipsum \u00e4r d\u00e4rf\u00f6r alltid fri fr\u00e5n upprepningar, injicerad humor eller icke-karakteristiska ord etc.<\/p><\/div>\n\t\t\t\t\t<\/div><div class=\"eael-accordion-list\">\n\t\t\t\t\t<div id=\"hur-gr-jag-en-retur\" class=\"elementor-tab-title eael-accordion-header\" tabindex=\"0\" data-tab=\"4\" aria-controls=\"elementor-tab-content-1344\"><span class=\"eael-accordion-tab-title\">Hur g\u00f6r jag en retur?<\/span><svg aria-hidden=\"true\" class=\"fa-toggle e-font-icon-svg e-fas-angle-right\" viewBox=\"0 0 256 512\" xmlns=\"http:\/\/www.w3.org\/2000\/svg\"><path d=\"M224.3 273l-136 136c-9.4 9.4-24.6 9.4-33.9 0l-22.6-22.6c-9.4-9.4-9.4-24.6 0-33.9l96.4-96.4-96.4-96.4c-9.4-9.4-9.4-24.6 0-33.9L54.3 103c9.4-9.4 24.6-9.4 33.9 0l136 136c9.5 9.4 9.5 24.6.1 34z\"><\/path><\/svg><\/div><div id=\"elementor-tab-content-1344\" class=\"eael-accordion-content clearfix\" data-tab=\"4\" aria-labelledby=\"hur-gr-jag-en-retur\"><p>Lorem Ipsum-generatorer p\u00e5 Internet tenderar att upprepa f\u00f6rdefinierade bitar vid behov, vilket g\u00f6r detta till den f\u00f6rsta riktiga generatorn p\u00e5 Internet. Den anv\u00e4nder en ordbok med \u00f6ver 200 latinska ord, kombinerat med en handfull modellsatsstrukturer, f\u00f6r att skapa Lorem Ipsum som ser rimligt ut. Den genererade Lorem Ipsum \u00e4r d\u00e4rf\u00f6r alltid fri fr\u00e5n upprepningar, injicerad humor eller icke-karakteristiska ord etc.<\/p>\n\n<p>Det finns m\u00e5nga varianter av passager av Lorem Ipsum tillg\u00e4ngliga, men majoriteten har drabbats av f\u00f6r\u00e4ndringar i n\u00e5gon form, av injicerad humor eller randomiserade ord som inte ens ser lite trov\u00e4rdiga ut. Om du ska anv\u00e4nda ett avsnitt av Lorem Ipsum m\u00e5ste du vara s\u00e4ker p\u00e5 att det inte finns n\u00e5got pinsamt g\u00f6mt i mitten av texten.<\/p>\n\n<p>Proin gravida lorem ipsum dolor sit amet av Lorem Ipsum nibh velit auctor aliquet. Aenean sollicitudin, lorem quis bibendum auctor, nisi elit consequat ipsum, nec sagittis sem nibh id elit.Ivoluptatem sequi nesciunt. Neque porro quisquam est, qui dolorem ipsum quia dolor sit amet, consectetur, adipisci velit, sed quia non numquam eius moditempora incidunt ut labore et dolore magnam.<\/p><\/div>\n\t\t\t\t\t<\/div><div class=\"eael-accordion-list\">\n\t\t\t\t\t<div id=\"hur-gr-jag-en-reklamation\" class=\"elementor-tab-title eael-accordion-header\" tabindex=\"0\" data-tab=\"5\" aria-controls=\"elementor-tab-content-1345\"><span class=\"eael-accordion-tab-title\">Hur g\u00f6r jag en reklamation?<\/span><svg aria-hidden=\"true\" class=\"fa-toggle e-font-icon-svg e-fas-angle-right\" viewBox=\"0 0 256 512\" xmlns=\"http:\/\/www.w3.org\/2000\/svg\"><path d=\"M224.3 273l-136 136c-9.4 9.4-24.6 9.4-33.9 0l-22.6-22.6c-9.4-9.4-9.4-24.6 0-33.9l96.4-96.4-96.4-96.4c-9.4-9.4-9.4-24.6 0-33.9L54.3 103c9.4-9.4 24.6-9.4 33.9 0l136 136c9.5 9.4 9.5 24.6.1 34z\"><\/path><\/svg><\/div><div id=\"elementor-tab-content-1345\" class=\"eael-accordion-content clearfix\" data-tab=\"5\" aria-labelledby=\"hur-gr-jag-en-reklamation\"><p>Det finns m\u00e5nga varianter av passager av Lorem Ipsum tillg\u00e4ngliga, men majoriteten har drabbats av f\u00f6r\u00e4ndringar i n\u00e5gon form, av injicerad humor eller randomiserade ord som inte ens ser lite trov\u00e4rdiga ut. Om du ska anv\u00e4nda ett avsnitt av Lorem Ipsum m\u00e5ste du vara s\u00e4ker p\u00e5 att det inte finns n\u00e5got pinsamt g\u00f6mt i mitten av texten.<\/p>\n\n<ol>\n    <li>Lorem Ipsum \u00e4r helt enkelt en dummy text fr\u00e5n tryckeri- och s\u00e4ttningsindustrin<\/li>\n    <li>Det finns m\u00e5nga varianter av passager av Lorem Ipsum tillg\u00e4ngliga, men majoriteten har drabbats av f\u00f6r\u00e4ndringar<\/li>\n    <li>Om du ska anv\u00e4nda ett avsnitt av Lorem Ipsum m\u00e5ste du vara s\u00e4ker p\u00e5 att det inte finns n\u00e5got pinsamt g\u00f6mt i mitten av texten.<\/li>\n    <li>Lorem Ipsum-generatorer p\u00e5 Internet tenderar att upprepa f\u00f6rdefinierade bitar vid behov, vilket g\u00f6r detta till den f\u00f6rsta riktiga generatorn p\u00e5 Internet.<\/li>\n    <li>Den genererade Lorem Ipsum \u00e4r d\u00e4rf\u00f6r alltid fri fr\u00e5n upprepningar, injicerad humor eller icke-karakteristiska ord etc.<\/li>\n<\/ol>\n\n<p>Lorem Ipsum \u00e4r helt enkelt en dummy text fr\u00e5n tryckeri- och s\u00e4ttningsindustrin. Lorem Ipsum har varit branschens vanliga dummytext.<\/p>\n\n<p>Lorem Ipsum-generatorer p\u00e5 Internet tenderar att upprepa f\u00f6rdefinierade bitar vid behov, vilket g\u00f6r detta till den f\u00f6rsta riktiga generatorn p\u00e5 Internet. Den anv\u00e4nder en ordbok med \u00f6ver 200 latinska ord, kombinerat med en handfull modellsatsstrukturer, f\u00f6r att skapa Lorem Ipsum som ser rimligt ut. Den genererade Lorem Ipsum \u00e4r d\u00e4rf\u00f6r alltid fri fr\u00e5n upprepningar, injicerad humor eller icke-karakteristiska ord etc.<\/p><\/div>\n\t\t\t\t\t<\/div><div class=\"eael-accordion-list\">\n\t\t\t\t\t<div id=\"hur-gr-jag-tillvga-vid-eventuell-fraktskada\" class=\"elementor-tab-title eael-accordion-header\" tabindex=\"0\" data-tab=\"6\" aria-controls=\"elementor-tab-content-1346\"><span class=\"eael-accordion-tab-title\">Hur g\u00e5r jag tillv\u00e4ga vid eventuell fraktskada?<\/span><svg aria-hidden=\"true\" class=\"fa-toggle e-font-icon-svg e-fas-angle-right\" viewBox=\"0 0 256 512\" xmlns=\"http:\/\/www.w3.org\/2000\/svg\"><path d=\"M224.3 273l-136 136c-9.4 9.4-24.6 9.4-33.9 0l-22.6-22.6c-9.4-9.4-9.4-24.6 0-33.9l96.4-96.4-96.4-96.4c-9.4-9.4-9.4-24.6 0-33.9L54.3 103c9.4-9.4 24.6-9.4 33.9 0l136 136c9.5 9.4 9.5 24.6.1 34z\"><\/path><\/svg><\/div><div id=\"elementor-tab-content-1346\" class=\"eael-accordion-content clearfix\" data-tab=\"6\" aria-labelledby=\"hur-gr-jag-tillvga-vid-eventuell-fraktskada\"><p>Lorem Ipsum-generatorer p\u00e5 Internet tenderar att upprepa f\u00f6rdefinierade bitar vid behov, vilket g\u00f6r detta till den f\u00f6rsta riktiga generatorn p\u00e5 Internet. Den anv\u00e4nder en ordbok med \u00f6ver 200 latinska ord, kombinerat med en handfull modellsatsstrukturer, f\u00f6r att skapa Lorem Ipsum som ser rimligt ut. Den genererade Lorem Ipsum \u00e4r d\u00e4rf\u00f6r alltid fri fr\u00e5n upprepningar, injicerad humor eller icke-karakteristiska ord etc.<\/p><\/div>\n\t\t\t\t\t<\/div><div class=\"eael-accordion-list\">\n\t\t\t\t\t<div id=\"nr-fr-jag-min-terbetalning\" class=\"elementor-tab-title eael-accordion-header\" tabindex=\"0\" data-tab=\"7\" aria-controls=\"elementor-tab-content-1347\"><span class=\"eael-accordion-tab-title\">N\u00e4r f\u00e5r jag min \u00e5terbetalning?<\/span><svg aria-hidden=\"true\" class=\"fa-toggle e-font-icon-svg e-fas-angle-right\" viewBox=\"0 0 256 512\" xmlns=\"http:\/\/www.w3.org\/2000\/svg\"><path d=\"M224.3 273l-136 136c-9.4 9.4-24.6 9.4-33.9 0l-22.6-22.6c-9.4-9.4-9.4-24.6 0-33.9l96.4-96.4-96.4-96.4c-9.4-9.4-9.4-24.6 0-33.9L54.3 103c9.4-9.4 24.6-9.4 33.9 0l136 136c9.5 9.4 9.5 24.6.1 34z\"><\/path><\/svg><\/div><div id=\"elementor-tab-content-1347\" class=\"eael-accordion-content clearfix\" data-tab=\"7\" aria-labelledby=\"nr-fr-jag-min-terbetalning\"><p>Det finns m\u00e5nga varianter av passager av Lorem Ipsum tillg\u00e4ngliga, men majoriteten har drabbats av f\u00f6r\u00e4ndringar i n\u00e5gon form, av injicerad humor eller randomiserade ord som inte ens ser lite trov\u00e4rdiga ut. Om du ska anv\u00e4nda ett avsnitt av Lorem Ipsum m\u00e5ste du vara s\u00e4ker p\u00e5 att det inte finns n\u00e5got pinsamt g\u00f6mt i mitten av texten.<\/p><\/div>\n\t\t\t\t\t<\/div><\/div>\t\t\t\t<\/div>\n\t\t\t\t<\/div>\n\t\t\t\t\t<\/div>\n\t\t\t\t<\/div>\n\t\t\t\t<\/div>\n\t\t\t\t<\/div>\n\t\t","protected":false},"excerpt":{"rendered":"<p>K\u00f6pvillkor, vanliga fr\u00e5gor N\u00e4r skickas min order? Se v\u00e5ra aktuella leveranstider h\u00e4r. \u00c4r min order skickad? Det finns m\u00e5nga varianter av passager av Lorem Ipsum tillg\u00e4ngliga, men majoriteten har drabbats av f\u00f6r\u00e4ndringar i n\u00e5gon form, av injicerad humor eller randomiserade ord som inte ens ser lite trov\u00e4rdiga ut. Om du ska anv\u00e4nda ett avsnitt av&#8230;<\/p>\n","protected":false},"author":1,"featured_media":0,"parent":0,"menu_order":0,"comment_status":"closed","ping_status":"closed","template":"","meta":{"_acf_changed":false,"_kad_post_transparent":"disable","_kad_post_title":"hide","_kad_post_layout":"fullwidth","_kad_post_sidebar_id":"","_kad_post_content_style":"unboxed","_kad_post_vertical_padding":"hide","_kad_post_feature":"hide","_kad_post_feature_position":"","_kad_post_header":false,"_kad_post_footer":false,"footnotes":""},"class_list":["post-1747","page","type-page","status-publish","hentry"],"acf":[],"_links":{"self":[{"href":"http:\/\/infronts.se\/staging\/wp-json\/wp\/v2\/pages\/1747","targetHints":{"allow":["GET"]}}],"collection":[{"href":"http:\/\/infronts.se\/staging\/wp-json\/wp\/v2\/pages"}],"about":[{"href":"http:\/\/infronts.se\/staging\/wp-json\/wp\/v2\/types\/page"}],"author":[{"embeddable":true,"href":"http:\/\/infronts.se\/staging\/wp-json\/wp\/v2\/users\/1"}],"replies":[{"embeddable":true,"href":"http:\/\/infronts.se\/staging\/wp-json\/wp\/v2\/comments?post=1747"}],"version-history":[{"count":53,"href":"http:\/\/infronts.se\/staging\/wp-json\/wp\/v2\/pages\/1747\/revisions"}],"predecessor-version":[{"id":6408,"href":"http:\/\/infronts.se\/staging\/wp-json\/wp\/v2\/pages\/1747\/revisions\/6408"}],"wp:attachment":[{"href":"http:\/\/infronts.se\/staging\/wp-json\/wp\/v2\/media?parent=1747"}],"curies":[{"name":"wp","href":"https:\/\/api.w.org\/{rel}","templated":true}]}}