{"id":2752,"date":"2024-11-08T12:43:45","date_gmt":"2024-11-08T12:43:45","guid":{"rendered":"http:\/\/infronts.se\/staging\/?page_id=2752"},"modified":"2025-01-03T05:45:16","modified_gmt":"2025-01-03T05:45:16","slug":"journal","status":"publish","type":"page","link":"http:\/\/infronts.se\/staging\/en\/journal\/","title":{"rendered":"Journal"},"content":{"rendered":"\t\t<div data-elementor-type=\"wp-page\" data-elementor-id=\"2752\" class=\"elementor elementor-2752\" data-elementor-post-type=\"page\">\n\t\t\t\t<div class=\"elementor-element elementor-element-f8966f9 e-con-full e-flex e-con e-parent\" data-id=\"f8966f9\" data-element_type=\"container\">\n\t\t<div class=\"elementor-element elementor-element-1c69dc2 e-flex e-con-boxed e-con e-child\" data-id=\"1c69dc2\" data-element_type=\"container\" data-settings=\"{&quot;background_background&quot;:&quot;classic&quot;}\">\n\t\t\t\t\t<div class=\"e-con-inner\">\n\t\t\t\t\t<\/div>\n\t\t\t\t<\/div>\n\t\t\t\t<\/div>\n\t\t<div class=\"elementor-element elementor-element-3e65109 e-con-full e-flex e-con e-parent\" data-id=\"3e65109\" data-element_type=\"container\" data-settings=\"{&quot;background_background&quot;:&quot;classic&quot;}\">\n\t\t<div class=\"elementor-element elementor-element-61d4ae7 e-con-full e-flex e-con e-child\" data-id=\"61d4ae7\" data-element_type=\"container\">\n\t\t\t\t<div class=\"elementor-element elementor-element-b03cbbd elementor-widget elementor-widget-heading\" data-id=\"b03cbbd\" data-element_type=\"widget\" data-widget_type=\"heading.default\">\n\t\t\t\t<div class=\"elementor-widget-container\">\n\t\t\t\t\t<h2 class=\"elementor-heading-title elementor-size-default\">Journal \u2013Ideas &amp; inspiration<\/h2>\t\t\t\t<\/div>\n\t\t\t\t<\/div>\n\t\t\t\t<div class=\"elementor-element elementor-element-0c351fb elementor-widget__width-initial elementor-widget elementor-widget-text-editor\" data-id=\"0c351fb\" data-element_type=\"widget\" data-widget_type=\"text-editor.default\">\n\t\t\t\t<div class=\"elementor-widget-container\">\n\t\t\t\t\t\t\t\t\t<p>Lorem Ipsum is simply dummy text from the printing and typesetting industry. Lorem Ipsum has been the industry&#8217;s standard dummy text<\/p>\t\t\t\t\t\t\t\t<\/div>\n\t\t\t\t<\/div>\n\t\t\t\t<\/div>\n\t\t<div class=\"elementor-element elementor-element-0282497 e-flex e-con-boxed e-con e-child\" data-id=\"0282497\" data-element_type=\"container\">\n\t\t\t\t\t<div class=\"e-con-inner\">\n\t\t\t\t<div class=\"elementor-element elementor-element-09e9ae0 blog-wrapper-box elementor-widget elementor-widget-post_layouts\" data-id=\"09e9ae0\" data-element_type=\"widget\" data-widget_type=\"post_layouts.default\">\n\t\t\t\t<div class=\"elementor-widget-container\">\n\t\t\t\t\t<div class=\"row\"><div class=\"col-md-6 col-lg-4\"><div class=\"theimran-post-layout-one\"><div class=\"theimran-post-layout-one__thumbnail\">\t\t\t<a href=\"http:\/\/infronts.se\/staging\/sv\/utforska-det-vasentliga-med-hjartvard-fran-livsstil-2\/\"><img fetchpriority=\"high\" decoding=\"async\" width=\"386\" height=\"301\" src=\"http:\/\/infronts.se\/staging\/wp-content\/uploads\/2024\/11\/blog-image-03.webp\" class=\"attachment-large size-large wp-post-image\" alt=\"blog-image-03\" srcset=\"http:\/\/infronts.se\/staging\/wp-content\/uploads\/2024\/11\/blog-image-03.webp 386w, http:\/\/infronts.se\/staging\/wp-content\/uploads\/2024\/11\/blog-image-03-300x234.webp 300w, http:\/\/infronts.se\/staging\/wp-content\/uploads\/2024\/11\/blog-image-03-200x156.webp 200w\" sizes=\"(max-width: 386px) 100vw, 386px\" \/><\/a>\r\n\t\t\t<\/div><div class=\"theimran-post-layout-one__content-wrapper\">\t\t\t<div class=\"theimran-post-layout-one__title\">\r\n\t\t\t\t<h3><a href=\"http:\/\/infronts.se\/staging\/sv\/utforska-det-vasentliga-med-hjartvard-fran-livsstil-2\/\">Utforska det v\u00e4sentliga med hj\u00e4rtv\u00e5rd, fr\u00e5n livsstil<\/a><\/h3>\r\n\t\t\t<\/div>\r\n\t\t\t\t\t<div class=\"theimran-post-layout-one__excerpt\">\r\n\t\t\t\t<p>\r\n\t\t\t\t\tLorem Ipsum-generatorer p\u00e5 Internet tenderar att upprepa f\u00f6rdefinierade bitar vid behov, vilket g\u00f6r detta till den f\u00f6rsta riktiga generatorn p\u00e5\t\t\t\t<\/p>\r\n\t\t\t<\/div>\r\n\t\t\t\t<div class=\"theimran-post-layout-one__read-more\">\r\n\t\t\t<a href=\"http:\/\/infronts.se\/staging\/sv\/utforska-det-vasentliga-med-hjartvard-fran-livsstil-2\/\">Read more<\/a>\r\n\t\t<\/div>\r\n\t\t<\/div><\/div><\/div><div class=\"col-md-6 col-lg-4\"><div class=\"theimran-post-layout-one\"><div class=\"theimran-post-layout-one__thumbnail\">\t\t\t<a href=\"http:\/\/infronts.se\/staging\/sv\/vasentliga-med-hjartvard-fran-livsstil\/\"><img decoding=\"async\" width=\"386\" height=\"301\" src=\"http:\/\/infronts.se\/staging\/wp-content\/uploads\/2024\/11\/blog-image-02.webp\" class=\"attachment-large size-large wp-post-image\" alt=\"blog-image-02\" srcset=\"http:\/\/infronts.se\/staging\/wp-content\/uploads\/2024\/11\/blog-image-02.webp 386w, http:\/\/infronts.se\/staging\/wp-content\/uploads\/2024\/11\/blog-image-02-300x234.webp 300w, http:\/\/infronts.se\/staging\/wp-content\/uploads\/2024\/11\/blog-image-02-200x156.webp 200w\" sizes=\"(max-width: 386px) 100vw, 386px\" \/><\/a>\r\n\t\t\t<\/div><div class=\"theimran-post-layout-one__content-wrapper\">\t\t\t<div class=\"theimran-post-layout-one__title\">\r\n\t\t\t\t<h3><a href=\"http:\/\/infronts.se\/staging\/sv\/vasentliga-med-hjartvard-fran-livsstil\/\">v\u00e4sentliga med hj\u00e4rtv\u00e5rd, fr\u00e5n livsstil<\/a><\/h3>\r\n\t\t\t<\/div>\r\n\t\t\t\t\t<div class=\"theimran-post-layout-one__excerpt\">\r\n\t\t\t\t<p>\r\n\t\t\t\t\tLorem Ipsum-generatorer p\u00e5 Internet tenderar att upprepa f\u00f6rdefinierade bitar vid behov, vilket g\u00f6r detta till den f\u00f6rsta riktiga generatorn p\u00e5\t\t\t\t<\/p>\r\n\t\t\t<\/div>\r\n\t\t\t\t<div class=\"theimran-post-layout-one__read-more\">\r\n\t\t\t<a href=\"http:\/\/infronts.se\/staging\/sv\/vasentliga-med-hjartvard-fran-livsstil\/\">Read more<\/a>\r\n\t\t<\/div>\r\n\t\t<\/div><\/div><\/div><div class=\"col-md-6 col-lg-4\"><div class=\"theimran-post-layout-one\"><div class=\"theimran-post-layout-one__thumbnail\">\t\t\t<a href=\"http:\/\/infronts.se\/staging\/sv\/utforska-det-vasentliga-med-hjartvard-fran-livsstil\/\"><img decoding=\"async\" width=\"386\" height=\"301\" src=\"http:\/\/infronts.se\/staging\/wp-content\/uploads\/2024\/10\/blog-image-01.webp\" class=\"attachment-large size-large wp-post-image\" alt=\"blog-image-01\" srcset=\"http:\/\/infronts.se\/staging\/wp-content\/uploads\/2024\/10\/blog-image-01.webp 386w, http:\/\/infronts.se\/staging\/wp-content\/uploads\/2024\/10\/blog-image-01-300x234.webp 300w, http:\/\/infronts.se\/staging\/wp-content\/uploads\/2024\/10\/blog-image-01-200x156.webp 200w\" sizes=\"(max-width: 386px) 100vw, 386px\" \/><\/a>\r\n\t\t\t<\/div><div class=\"theimran-post-layout-one__content-wrapper\">\t\t\t<div class=\"theimran-post-layout-one__title\">\r\n\t\t\t\t<h3><a href=\"http:\/\/infronts.se\/staging\/sv\/utforska-det-vasentliga-med-hjartvard-fran-livsstil\/\">Utforska det v\u00e4sentliga med hj\u00e4rtv\u00e5rd, fr\u00e5n livsstil<\/a><\/h3>\r\n\t\t\t<\/div>\r\n\t\t\t\t\t<div class=\"theimran-post-layout-one__excerpt\">\r\n\t\t\t\t<p>\r\n\t\t\t\t\tLorem Ipsum-generatorer p\u00e5 Internet tenderar att upprepa f\u00f6rdefinierade bitar vid behov, vilket g\u00f6r detta till den f\u00f6rsta riktiga generatorn p\u00e5\t\t\t\t<\/p>\r\n\t\t\t<\/div>\r\n\t\t\t\t<div class=\"theimran-post-layout-one__read-more\">\r\n\t\t\t<a href=\"http:\/\/infronts.se\/staging\/sv\/utforska-det-vasentliga-med-hjartvard-fran-livsstil\/\">Read more<\/a>\r\n\t\t<\/div>\r\n\t\t<\/div><\/div><\/div><\/div>\t\t\t\t<\/div>\n\t\t\t\t<\/div>\n\t\t\t\t\t<\/div>\n\t\t\t\t<\/div>\n\t\t\t\t<\/div>\n\t\t\t\t<\/div>\n\t\t","protected":false},"excerpt":{"rendered":"<p>Journal \u2013Ideas &amp; inspiration Lorem Ipsum is simply dummy text from the printing and typesetting industry. Lorem Ipsum has been the industry&#8217;s standard dummy text Utforska det v\u00e4sentliga med hj\u00e4rtv\u00e5rd, fr\u00e5n livsstil Lorem Ipsum-generatorer p\u00e5 Internet tenderar att upprepa f\u00f6rdefinierade bitar vid behov, vilket g\u00f6r detta till den f\u00f6rsta riktiga generatorn p\u00e5 Read more v\u00e4sentliga&#8230;<\/p>\n","protected":false},"author":1,"featured_media":0,"parent":0,"menu_order":0,"comment_status":"closed","ping_status":"closed","template":"","meta":{"_acf_changed":false,"_kad_post_transparent":"","_kad_post_title":"hide","_kad_post_layout":"fullwidth","_kad_post_sidebar_id":"","_kad_post_content_style":"unboxed","_kad_post_vertical_padding":"hide","_kad_post_feature":"hide","_kad_post_feature_position":"","_kad_post_header":false,"_kad_post_footer":false,"footnotes":""},"class_list":["post-2752","page","type-page","status-publish","hentry"],"acf":[],"_links":{"self":[{"href":"http:\/\/infronts.se\/staging\/wp-json\/wp\/v2\/pages\/2752","targetHints":{"allow":["GET"]}}],"collection":[{"href":"http:\/\/infronts.se\/staging\/wp-json\/wp\/v2\/pages"}],"about":[{"href":"http:\/\/infronts.se\/staging\/wp-json\/wp\/v2\/types\/page"}],"author":[{"embeddable":true,"href":"http:\/\/infronts.se\/staging\/wp-json\/wp\/v2\/users\/1"}],"replies":[{"embeddable":true,"href":"http:\/\/infronts.se\/staging\/wp-json\/wp\/v2\/comments?post=2752"}],"version-history":[{"count":28,"href":"http:\/\/infronts.se\/staging\/wp-json\/wp\/v2\/pages\/2752\/revisions"}],"predecessor-version":[{"id":6592,"href":"http:\/\/infronts.se\/staging\/wp-json\/wp\/v2\/pages\/2752\/revisions\/6592"}],"wp:attachment":[{"href":"http:\/\/infronts.se\/staging\/wp-json\/wp\/v2\/media?parent=2752"}],"curies":[{"name":"wp","href":"https:\/\/api.w.org\/{rel}","templated":true}]}}