{"id":5019,"date":"2024-12-17T12:15:51","date_gmt":"2024-12-17T12:15:51","guid":{"rendered":"https:\/\/infronts.se\/staging\/?page_id=5019"},"modified":"2025-01-09T05:32:49","modified_gmt":"2025-01-09T05:32:49","slug":"design-plain","status":"publish","type":"page","link":"https:\/\/infronts.se\/staging\/sv\/design-plain\/","title":{"rendered":"Plain"},"content":{"rendered":"\t\t<div data-elementor-type=\"wp-page\" data-elementor-id=\"5019\" class=\"elementor elementor-5019\" data-elementor-post-type=\"page\">\n\t\t\t\t<div class=\"elementor-element elementor-element-028c2b4 e-con-full elementor-hidden-desktop elementor-hidden-laptop elementor-hidden-tablet elementor-hidden-mobile e-flex e-con e-parent\" data-id=\"028c2b4\" data-element_type=\"container\" data-settings=\"{&quot;background_background&quot;:&quot;classic&quot;}\">\n\t\t<div class=\"elementor-element elementor-element-feab9d2 e-flex e-con-boxed e-con e-child\" data-id=\"feab9d2\" data-element_type=\"container\" data-settings=\"{&quot;background_background&quot;:&quot;classic&quot;}\">\n\t\t\t\t\t<div class=\"e-con-inner\">\n\t\t\t\t\t<\/div>\n\t\t\t\t<\/div>\n\t\t\t\t<\/div>\n\t\t<div class=\"elementor-element elementor-element-180b28c e-con-full e-flex e-con e-parent\" data-id=\"180b28c\" data-element_type=\"container\">\n\t\t<div class=\"elementor-element elementor-element-7c91961 e-con-full e-flex e-con e-child\" data-id=\"7c91961\" data-element_type=\"container\" data-settings=\"{&quot;background_background&quot;:&quot;classic&quot;}\">\n\t\t\t\t<div class=\"elementor-element elementor-element-7497f50 elementor-widget elementor-widget-heading\" data-id=\"7497f50\" data-element_type=\"widget\" data-widget_type=\"heading.default\">\n\t\t\t\t<div class=\"elementor-widget-container\">\n\t\t\t\t\t<h2 class=\"elementor-heading-title elementor-size-default\">PLAIN<\/h2>\t\t\t\t<\/div>\n\t\t\t\t<\/div>\n\t\t\t\t<div class=\"elementor-element elementor-element-cf68795 elementor-widget elementor-widget-text-editor\" data-id=\"cf68795\" data-element_type=\"widget\" data-widget_type=\"text-editor.default\">\n\t\t\t\t<div class=\"elementor-widget-container\">\n\t\t\t\t\t\t\t\t\t<p>Design by Infront Studios.<\/p>\t\t\t\t\t\t\t\t<\/div>\n\t\t\t\t<\/div>\n\t\t\t\t<\/div>\n\t\t\t\t<\/div>\n\t\t<div class=\"elementor-element elementor-element-ac82591 e-con-full e-flex e-con e-parent\" data-id=\"ac82591\" data-element_type=\"container\">\n\t\t<div class=\"elementor-element elementor-element-aa77e4b e-flex e-con-boxed e-con e-child\" data-id=\"aa77e4b\" data-element_type=\"container\">\n\t\t\t\t\t<div class=\"e-con-inner\">\n\t\t<div class=\"elementor-element elementor-element-84c7af0 e-con-full e-flex e-con e-child\" data-id=\"84c7af0\" data-element_type=\"container\" data-settings=\"{&quot;background_background&quot;:&quot;classic&quot;}\">\n\t\t\t\t<div class=\"elementor-element elementor-element-c9cf542 elementor-widget elementor-widget-text-editor\" data-id=\"c9cf542\" data-element_type=\"widget\" data-widget_type=\"text-editor.default\">\n\t\t\t\t<div class=\"elementor-widget-container\">\n\t\t\t\t\t\t\t\t\t<p>Det finns m\u00e5nga varianter av passager av Lorem Ipsum tillg\u00e4ngliga, men majoriteten har drabbats av f\u00f6r\u00e4ndringar i n\u00e5gon form, av injicerad humor eller randomiserade ord som inte ens ser lite trov\u00e4rdiga ut. Om du ska anv\u00e4nda ett avsnitt av Lorem Ipsum m\u00e5ste du vara s\u00e4ker p\u00e5 att det inte finns n\u00e5got pinsamt g\u00f6mt i mitten av texten.<\/p>\t\t\t\t\t\t\t\t<\/div>\n\t\t\t\t<\/div>\n\t\t\t\t<div class=\"elementor-element elementor-element-11b7e96 elementor-widget elementor-widget-text-editor\" data-id=\"11b7e96\" data-element_type=\"widget\" data-widget_type=\"text-editor.default\">\n\t\t\t\t<div class=\"elementor-widget-container\">\n\t\t\t\t\t\t\t\t\t<p style=\"margin-bottom:0;\">Lorem Ipsum-generatorer p\u00e5 Internet tenderar att upprepa f\u00f6rdefinierade bitar vid behov, vilket g\u00f6r detta till den f\u00f6rsta riktiga generatorn p\u00e5 Internet. Den anv\u00e4nder en ordbok med \u00f6ver 200 latinska ord, kombinerat med en handfull modellsatsstrukturer, f\u00f6r att skapa Lorem Ipsum som ser rimligt ut. Den genererade Lorem Ipsum \u00e4r d\u00e4rf\u00f6r alltid fri fr\u00e5n upprepningar, injicerad humor eller icke-karakteristiska ord etc.<\/p>\t\t\t\t\t\t\t\t<\/div>\n\t\t\t\t<\/div>\n\t\t\t\t<\/div>\n\t\t<div class=\"elementor-element elementor-element-ddf1f76 e-con-full e-flex e-con e-child\" data-id=\"ddf1f76\" data-element_type=\"container\" data-settings=\"{&quot;background_background&quot;:&quot;classic&quot;}\">\n\t\t\t\t<div class=\"elementor-element elementor-element-9d6cd35 elementor-align-justify elementor-widget elementor-widget-button\" data-id=\"9d6cd35\" data-element_type=\"widget\" data-widget_type=\"button.default\">\n\t\t\t\t<div class=\"elementor-widget-container\">\n\t\t\t\t\t\t\t\t\t<div class=\"elementor-button-wrapper\">\n\t\t\t\t\t<a class=\"elementor-button elementor-button-link elementor-size-sm\" href=\"\/staging\/sv\/variants-product\/122\/\">\n\t\t\t\t\t\t<span class=\"elementor-button-content-wrapper\">\n\t\t\t\t\t\t\t\t\t<span class=\"elementor-button-text\">HANDLA PLAIN K\u00d6K<\/span>\n\t\t\t\t\t<\/span>\n\t\t\t\t\t<\/a>\n\t\t\t\t<\/div>\n\t\t\t\t\t\t\t\t<\/div>\n\t\t\t\t<\/div>\n\t\t\t\t<\/div>\n\t\t\t\t\t<\/div>\n\t\t\t\t<\/div>\n\t\t\t\t<\/div>\n\t\t<div class=\"elementor-element elementor-element-5ad9be4 e-con-full e-flex e-con e-parent\" data-id=\"5ad9be4\" data-element_type=\"container\" data-settings=\"{&quot;background_background&quot;:&quot;classic&quot;}\">\n\t\t<div class=\"elementor-element elementor-element-7dd5b39 e-flex e-con-boxed e-con e-child\" data-id=\"7dd5b39\" data-element_type=\"container\">\n\t\t\t\t\t<div class=\"e-con-inner\">\n\t\t<div class=\"elementor-element elementor-element-1338606 e-flex e-con-boxed e-con e-child\" data-id=\"1338606\" data-element_type=\"container\">\n\t\t\t\t\t<div class=\"e-con-inner\">\n\t\t\t\t<div class=\"elementor-element elementor-element-beabf3d elementor-widget elementor-widget-heading\" data-id=\"beabf3d\" data-element_type=\"widget\" data-widget_type=\"heading.default\">\n\t\t\t\t<div class=\"elementor-widget-container\">\n\t\t\t\t\t<h2 class=\"elementor-heading-title elementor-size-default\">Plain \u00e4r tillg\u00e4nglig f\u00f6r<\/h2>\t\t\t\t<\/div>\n\t\t\t\t<\/div>\n\t\t\t\t\t<\/div>\n\t\t\t\t<\/div>\n\t\t<div class=\"elementor-element elementor-element-4ae4da1 e-con-full e-flex e-con e-child\" data-id=\"4ae4da1\" data-element_type=\"container\">\n\t\t<div class=\"elementor-element elementor-element-004a8e1 e-con-full e-flex e-con e-child\" data-id=\"004a8e1\" data-element_type=\"container\" data-settings=\"{&quot;background_background&quot;:&quot;classic&quot;}\">\n\t\t<a class=\"elementor-element elementor-element-37d3ecf e-con-full design_cat_box e-flex e-con e-child\" data-id=\"37d3ecf\" data-element_type=\"container\" data-settings=\"{&quot;background_background&quot;:&quot;classic&quot;}\" href=\"\/staging\/sv\/variants-product\/122\/\">\n\t\t\t\t<div class=\"elementor-element elementor-element-54b196c elementor-widget elementor-widget-heading\" data-id=\"54b196c\" data-element_type=\"widget\" data-widget_type=\"heading.default\">\n\t\t\t\t<div class=\"elementor-widget-container\">\n\t\t\t\t\t<p class=\"elementor-heading-title elementor-size-default\">K\u00f6k<\/p>\t\t\t\t<\/div>\n\t\t\t\t<\/div>\n\t\t\t\t<\/a>\n\t\t\t\t<\/div>\n\t\t<div class=\"elementor-element elementor-element-f5f1ed2 e-con-full e-flex e-con e-child\" data-id=\"f5f1ed2\" data-element_type=\"container\">\n\t\t<a class=\"elementor-element elementor-element-a380020 e-con-full design_cat_box e-flex e-con e-child\" data-id=\"a380020\" data-element_type=\"container\" data-settings=\"{&quot;background_background&quot;:&quot;classic&quot;}\" href=\"\/staging\/sv\/variants-product\/179\/\">\n\t\t\t\t<div class=\"elementor-element elementor-element-9dd6859 elementor-widget elementor-widget-heading\" data-id=\"9dd6859\" data-element_type=\"widget\" data-widget_type=\"heading.default\">\n\t\t\t\t<div class=\"elementor-widget-container\">\n\t\t\t\t\t<p class=\"elementor-heading-title elementor-size-default\">Garderob<\/p>\t\t\t\t<\/div>\n\t\t\t\t<\/div>\n\t\t\t\t<\/a>\n\t\t\t\t<\/div>\n\t\t<div class=\"elementor-element elementor-element-9884474 e-con-full e-flex e-con e-child\" data-id=\"9884474\" data-element_type=\"container\">\n\t\t<a class=\"elementor-element elementor-element-d041c3a e-con-full design_cat_box e-flex e-con e-child\" data-id=\"d041c3a\" data-element_type=\"container\" data-settings=\"{&quot;background_background&quot;:&quot;classic&quot;}\" href=\"\/staging\/sv\/variants-product\/235\/\">\n\t\t\t\t<div class=\"elementor-element elementor-element-14db68b elementor-widget elementor-widget-heading\" data-id=\"14db68b\" data-element_type=\"widget\" data-widget_type=\"heading.default\">\n\t\t\t\t<div class=\"elementor-widget-container\">\n\t\t\t\t\t<p class=\"elementor-heading-title elementor-size-default\">Sideboard<\/p>\t\t\t\t<\/div>\n\t\t\t\t<\/div>\n\t\t\t\t<\/a>\n\t\t\t\t<\/div>\n\t\t<div class=\"elementor-element elementor-element-5078f92 e-con-full e-flex e-con e-child\" data-id=\"5078f92\" data-element_type=\"container\">\n\t\t<a class=\"elementor-element elementor-element-869da18 e-con-full design_cat_box e-flex e-con e-child\" data-id=\"869da18\" data-element_type=\"container\" data-settings=\"{&quot;background_background&quot;:&quot;classic&quot;}\" href=\"\/staging\/sv\/variants-product\/237\/\">\n\t\t\t\t<div class=\"elementor-element elementor-element-f0dc1a4 elementor-widget elementor-widget-heading\" data-id=\"f0dc1a4\" data-element_type=\"widget\" data-widget_type=\"heading.default\">\n\t\t\t\t<div class=\"elementor-widget-container\">\n\t\t\t\t\t<p class=\"elementor-heading-title elementor-size-default\">F\u00f6rvaring<\/p>\t\t\t\t<\/div>\n\t\t\t\t<\/div>\n\t\t\t\t<\/a>\n\t\t\t\t<\/div>\n\t\t<div class=\"elementor-element elementor-element-d6820d4 e-con-full e-flex e-con e-child\" data-id=\"d6820d4\" data-element_type=\"container\">\n\t\t<a class=\"elementor-element elementor-element-00d0e44 e-con-full design_cat_box e-flex e-con e-child\" data-id=\"00d0e44\" data-element_type=\"container\" data-settings=\"{&quot;background_background&quot;:&quot;classic&quot;}\" href=\"\/staging\/sv\/variants-product\/240\/\">\n\t\t\t\t<div class=\"elementor-element elementor-element-da10ba1 elementor-widget elementor-widget-heading\" data-id=\"da10ba1\" data-element_type=\"widget\" data-widget_type=\"heading.default\">\n\t\t\t\t<div class=\"elementor-widget-container\">\n\t\t\t\t\t<p class=\"elementor-heading-title elementor-size-default\">Badrum<\/p>\t\t\t\t<\/div>\n\t\t\t\t<\/div>\n\t\t\t\t<\/a>\n\t\t\t\t<\/div>\n\t\t\t\t<\/div>\n\t\t\t\t\t<\/div>\n\t\t\t\t<\/div>\n\t\t\t\t<\/div>\n\t\t<div class=\"elementor-element elementor-element-0eee00e e-con-full e-flex e-con e-parent\" data-id=\"0eee00e\" data-element_type=\"container\">\n\t\t<div class=\"elementor-element elementor-element-5188b8f e-flex e-con-boxed e-con e-child\" data-id=\"5188b8f\" data-element_type=\"container\">\n\t\t\t\t\t<div class=\"e-con-inner\">\n\t\t<div class=\"elementor-element elementor-element-90a4c0c e-con-full e-flex e-con e-child\" data-id=\"90a4c0c\" data-element_type=\"container\" data-settings=\"{&quot;background_background&quot;:&quot;classic&quot;}\">\n\t\t\t\t<\/div>\n\t\t<div class=\"elementor-element elementor-element-aa7cfed e-con-full e-flex e-con e-child\" data-id=\"aa7cfed\" data-element_type=\"container\" data-settings=\"{&quot;background_background&quot;:&quot;classic&quot;}\">\n\t\t\t\t<\/div>\n\t\t\t\t\t<\/div>\n\t\t\t\t<\/div>\n\t\t<div class=\"elementor-element elementor-element-180577f e-con-full e-flex e-con e-child\" data-id=\"180577f\" data-element_type=\"container\">\n\t\t\t\t<div class=\"elementor-element elementor-element-29022cf elementor-align-justify elementor-widget elementor-widget-button\" data-id=\"29022cf\" data-element_type=\"widget\" data-widget_type=\"button.default\">\n\t\t\t\t<div class=\"elementor-widget-container\">\n\t\t\t\t\t\t\t\t\t<div class=\"elementor-button-wrapper\">\n\t\t\t\t\t<a class=\"elementor-button elementor-button-link elementor-size-sm\" href=\"\/staging\/sv\/variants-product\/237\/\">\n\t\t\t\t\t\t<span class=\"elementor-button-content-wrapper\">\n\t\t\t\t\t\t\t\t\t<span class=\"elementor-button-text\">HANDLA PLAIN F\u00d6RVARING<\/span>\n\t\t\t\t\t<\/span>\n\t\t\t\t\t<\/a>\n\t\t\t\t<\/div>\n\t\t\t\t\t\t\t\t<\/div>\n\t\t\t\t<\/div>\n\t\t\t\t<\/div>\n\t\t\t\t<\/div>\n\t\t\t\t<\/div>\n\t\t","protected":false},"excerpt":{"rendered":"<p>PLAIN Design by Infront Studios. Det finns m\u00e5nga varianter av passager av Lorem Ipsum tillg\u00e4ngliga, men majoriteten har drabbats av f\u00f6r\u00e4ndringar i n\u00e5gon form, av injicerad humor eller randomiserade ord som inte ens ser lite trov\u00e4rdiga ut. Om du ska anv\u00e4nda ett avsnitt av Lorem Ipsum m\u00e5ste du vara s\u00e4ker p\u00e5 att det inte finns&#8230;<\/p>\n","protected":false},"author":1,"featured_media":0,"parent":0,"menu_order":0,"comment_status":"closed","ping_status":"closed","template":"","meta":{"_acf_changed":false,"_kad_post_transparent":"","_kad_post_title":"hide","_kad_post_layout":"fullwidth","_kad_post_sidebar_id":"","_kad_post_content_style":"unboxed","_kad_post_vertical_padding":"hide","_kad_post_feature":"hide","_kad_post_feature_position":"","_kad_post_header":false,"_kad_post_footer":false,"footnotes":""},"class_list":["post-5019","page","type-page","status-publish","hentry"],"acf":[],"_links":{"self":[{"href":"https:\/\/infronts.se\/staging\/wp-json\/wp\/v2\/pages\/5019","targetHints":{"allow":["GET"]}}],"collection":[{"href":"https:\/\/infronts.se\/staging\/wp-json\/wp\/v2\/pages"}],"about":[{"href":"https:\/\/infronts.se\/staging\/wp-json\/wp\/v2\/types\/page"}],"author":[{"embeddable":true,"href":"https:\/\/infronts.se\/staging\/wp-json\/wp\/v2\/users\/1"}],"replies":[{"embeddable":true,"href":"https:\/\/infronts.se\/staging\/wp-json\/wp\/v2\/comments?post=5019"}],"version-history":[{"count":202,"href":"https:\/\/infronts.se\/staging\/wp-json\/wp\/v2\/pages\/5019\/revisions"}],"predecessor-version":[{"id":7754,"href":"https:\/\/infronts.se\/staging\/wp-json\/wp\/v2\/pages\/5019\/revisions\/7754"}],"wp:attachment":[{"href":"https:\/\/infronts.se\/staging\/wp-json\/wp\/v2\/media?parent=5019"}],"curies":[{"name":"wp","href":"https:\/\/api.w.org\/{rel}","templated":true}]}}